    {"id":1829,"date":"2019-02-18T10:39:28","date_gmt":"2019-02-18T10:39:28","guid":{"rendered":"https:\/\/www.thebighand.org\/donativos-apadrinhamento\/"},"modified":"2019-11-05T14:08:43","modified_gmt":"2019-11-05T14:08:43","slug":"donations-sponsorship","status":"publish","type":"page","link":"https:\/\/www.thebighand.org\/en\/donations-sponsorship\/","title":{"rendered":"Donations \/ Sponsorship"},"content":{"rendered":"","protected":false},"excerpt":{"rendered":"","protected":false},"author":1,"featured_media":593,"parent":0,"menu_order":9,"comment_status":"closed","ping_status":"closed","template":"donations.php","meta":{"_acf_changed":false,"footnotes":""},"class_list":["post-1829","page","type-page","status-publish","has-post-thumbnail","hentry"],"acf":[],"yoast_head":"<!-- This site is optimized with the Yoast SEO plugin v26.7 - https:\/\/yoast.com\/wordpress\/plugins\/seo\/ -->\n<title>Donations \/ Sponsorship - The Big Hand<\/title>\n<meta name=\"description\" content=\"Acreditamos que todas as crian\u00e7as merecem uma oportunidade e que s\u00f3 ajudando todas as crian\u00e7as da aldeia \u00e9 poss\u00edvel quebrar o ciclo de pobreza em que vivem.\" \/>\n<meta name=\"robots\" content=\"index, follow, max-snippet:-1, max-image-preview:large, max-video-preview:-1\" \/>\n<link rel=\"canonical\" href=\"https:\/\/www.thebighand.org\/en\/donations-sponsorship\/\" \/>\n<meta property=\"og:locale\" content=\"en_US\" \/>\n<meta property=\"og:type\" content=\"article\" \/>\n<meta property=\"og:title\" content=\"Donations \/ Sponsorship - The Big Hand\" \/>\n<meta property=\"og:description\" content=\"Acreditamos que todas as crian\u00e7as merecem uma oportunidade e que s\u00f3 ajudando todas as crian\u00e7as da aldeia \u00e9 poss\u00edvel quebrar o ciclo de pobreza em que vivem.\" \/>\n<meta property=\"og:url\" content=\"https:\/\/www.thebighand.org\/en\/donations-sponsorship\/\" \/>\n<meta property=\"og:site_name\" content=\"The Big Hand\" \/>\n<meta property=\"article:publisher\" content=\"https:\/\/www.facebook.com\/TheBigHand.org\" \/>\n<meta property=\"article:modified_time\" content=\"2019-11-05T14:08:43+00:00\" \/>\n<meta property=\"og:image\" content=\"https:\/\/www.thebighand.org\/wp-content\/uploads\/2019\/04\/donativos-apadrinhamento-bighand.jpg\" \/>\n\t<meta property=\"og:image:width\" content=\"1920\" \/>\n\t<meta property=\"og:image:height\" content=\"500\" \/>\n\t<meta property=\"og:image:type\" content=\"image\/jpeg\" \/>\n<meta name=\"twitter:card\" content=\"summary_large_image\" \/>\n<meta name=\"twitter:site\" content=\"@thebighand_org\" \/>\n<script type=\"application\/ld+json\" class=\"yoast-schema-graph\">{\"@context\":\"https:\/\/schema.org\",\"@graph\":[{\"@type\":\"WebPage\",\"@id\":\"https:\/\/www.thebighand.org\/en\/donations-sponsorship\/\",\"url\":\"https:\/\/www.thebighand.org\/en\/donations-sponsorship\/\",\"name\":\"Donations \/ Sponsorship - The Big Hand\",\"isPartOf\":{\"@id\":\"https:\/\/www.thebighand.org\/#website\"},\"primaryImageOfPage\":{\"@id\":\"https:\/\/www.thebighand.org\/en\/donations-sponsorship\/#primaryimage\"},\"image\":{\"@id\":\"https:\/\/www.thebighand.org\/en\/donations-sponsorship\/#primaryimage\"},\"thumbnailUrl\":\"https:\/\/www.thebighand.org\/wp-content\/uploads\/2019\/04\/donativos-apadrinhamento-bighand.jpg\",\"datePublished\":\"2019-02-18T10:39:28+00:00\",\"dateModified\":\"2019-11-05T14:08:43+00:00\",\"description\":\"Acreditamos que todas as crian\u00e7as merecem uma oportunidade e que s\u00f3 ajudando todas as crian\u00e7as da aldeia \u00e9 poss\u00edvel quebrar o ciclo de pobreza em que vivem.\",\"breadcrumb\":{\"@id\":\"https:\/\/www.thebighand.org\/en\/donations-sponsorship\/#breadcrumb\"},\"inLanguage\":\"en-US\",\"potentialAction\":[{\"@type\":\"ReadAction\",\"target\":[\"https:\/\/www.thebighand.org\/en\/donations-sponsorship\/\"]}]},{\"@type\":\"ImageObject\",\"inLanguage\":\"en-US\",\"@id\":\"https:\/\/www.thebighand.org\/en\/donations-sponsorship\/#primaryimage\",\"url\":\"https:\/\/www.thebighand.org\/wp-content\/uploads\/2019\/04\/donativos-apadrinhamento-bighand.jpg\",\"contentUrl\":\"https:\/\/www.thebighand.org\/wp-content\/uploads\/2019\/04\/donativos-apadrinhamento-bighand.jpg\",\"width\":1920,\"height\":500},{\"@type\":\"BreadcrumbList\",\"@id\":\"https:\/\/www.thebighand.org\/en\/donations-sponsorship\/#breadcrumb\",\"itemListElement\":[{\"@type\":\"ListItem\",\"position\":1,\"name\":\"In\u00edcio\",\"item\":\"https:\/\/www.thebighand.org\/en\/\"},{\"@type\":\"ListItem\",\"position\":2,\"name\":\"Donations \/ Sponsorship\"}]},{\"@type\":\"WebSite\",\"@id\":\"https:\/\/www.thebighand.org\/#website\",\"url\":\"https:\/\/www.thebighand.org\/\",\"name\":\"The Big Hand\",\"description\":\"\",\"publisher\":{\"@id\":\"https:\/\/www.thebighand.org\/#organization\"},\"potentialAction\":[{\"@type\":\"SearchAction\",\"target\":{\"@type\":\"EntryPoint\",\"urlTemplate\":\"https:\/\/www.thebighand.org\/?s={search_term_string}\"},\"query-input\":{\"@type\":\"PropertyValueSpecification\",\"valueRequired\":true,\"valueName\":\"search_term_string\"}}],\"inLanguage\":\"en-US\"},{\"@type\":\"Organization\",\"@id\":\"https:\/\/www.thebighand.org\/#organization\",\"name\":\"The Big Hand\",\"url\":\"https:\/\/www.thebighand.org\/\",\"logo\":{\"@type\":\"ImageObject\",\"inLanguage\":\"en-US\",\"@id\":\"https:\/\/www.thebighand.org\/#\/schema\/logo\/image\/\",\"url\":\"https:\/\/www.thebighand.org\/wp-content\/uploads\/2019\/02\/logotipo_bighand.png\",\"contentUrl\":\"https:\/\/www.thebighand.org\/wp-content\/uploads\/2019\/02\/logotipo_bighand.png\",\"width\":904,\"height\":367,\"caption\":\"The Big Hand\"},\"image\":{\"@id\":\"https:\/\/www.thebighand.org\/#\/schema\/logo\/image\/\"},\"sameAs\":[\"https:\/\/www.facebook.com\/TheBigHand.org\",\"https:\/\/x.com\/thebighand_org\",\"https:\/\/www.instagram.com\/thebighand\/\",\"https:\/\/www.youtube.com\/channel\/UCyOymYtvZKRnc5ovO_JxXwA\"]}]}<\/script>\n<!-- \/ Yoast SEO plugin. -->","yoast_head_json":{"title":"Donations \/ Sponsorship - The Big Hand","description":"Acreditamos que todas as crian\u00e7as merecem uma oportunidade e que s\u00f3 ajudando todas as crian\u00e7as da aldeia \u00e9 poss\u00edvel quebrar o ciclo de pobreza em que vivem.","robots":{"index":"index","follow":"follow","max-snippet":"max-snippet:-1","max-image-preview":"max-image-preview:large","max-video-preview":"max-video-preview:-1"},"canonical":"https:\/\/www.thebighand.org\/en\/donations-sponsorship\/","og_locale":"en_US","og_type":"article","og_title":"Donations \/ Sponsorship - The Big Hand","og_description":"Acreditamos que todas as crian\u00e7as merecem uma oportunidade e que s\u00f3 ajudando todas as crian\u00e7as da aldeia \u00e9 poss\u00edvel quebrar o ciclo de pobreza em que vivem.","og_url":"https:\/\/www.thebighand.org\/en\/donations-sponsorship\/","og_site_name":"The Big Hand","article_publisher":"https:\/\/www.facebook.com\/TheBigHand.org","article_modified_time":"2019-11-05T14:08:43+00:00","og_image":[{"width":1920,"height":500,"url":"https:\/\/www.thebighand.org\/wp-content\/uploads\/2019\/04\/donativos-apadrinhamento-bighand.jpg","type":"image\/jpeg"}],"twitter_card":"summary_large_image","twitter_site":"@thebighand_org","schema":{"@context":"https:\/\/schema.org","@graph":[{"@type":"WebPage","@id":"https:\/\/www.thebighand.org\/en\/donations-sponsorship\/","url":"https:\/\/www.thebighand.org\/en\/donations-sponsorship\/","name":"Donations \/ Sponsorship - The Big Hand","isPartOf":{"@id":"https:\/\/www.thebighand.org\/#website"},"primaryImageOfPage":{"@id":"https:\/\/www.thebighand.org\/en\/donations-sponsorship\/#primaryimage"},"image":{"@id":"https:\/\/www.thebighand.org\/en\/donations-sponsorship\/#primaryimage"},"thumbnailUrl":"https:\/\/www.thebighand.org\/wp-content\/uploads\/2019\/04\/donativos-apadrinhamento-bighand.jpg","datePublished":"2019-02-18T10:39:28+00:00","dateModified":"2019-11-05T14:08:43+00:00","description":"Acreditamos que todas as crian\u00e7as merecem uma oportunidade e que s\u00f3 ajudando todas as crian\u00e7as da aldeia \u00e9 poss\u00edvel quebrar o ciclo de pobreza em que vivem.","breadcrumb":{"@id":"https:\/\/www.thebighand.org\/en\/donations-sponsorship\/#breadcrumb"},"inLanguage":"en-US","potentialAction":[{"@type":"ReadAction","target":["https:\/\/www.thebighand.org\/en\/donations-sponsorship\/"]}]},{"@type":"ImageObject","inLanguage":"en-US","@id":"https:\/\/www.thebighand.org\/en\/donations-sponsorship\/#primaryimage","url":"https:\/\/www.thebighand.org\/wp-content\/uploads\/2019\/04\/donativos-apadrinhamento-bighand.jpg","contentUrl":"https:\/\/www.thebighand.org\/wp-content\/uploads\/2019\/04\/donativos-apadrinhamento-bighand.jpg","width":1920,"height":500},{"@type":"BreadcrumbList","@id":"https:\/\/www.thebighand.org\/en\/donations-sponsorship\/#breadcrumb","itemListElement":[{"@type":"ListItem","position":1,"name":"In\u00edcio","item":"https:\/\/www.thebighand.org\/en\/"},{"@type":"ListItem","position":2,"name":"Donations \/ Sponsorship"}]},{"@type":"WebSite","@id":"https:\/\/www.thebighand.org\/#website","url":"https:\/\/www.thebighand.org\/","name":"The Big Hand","description":"","publisher":{"@id":"https:\/\/www.thebighand.org\/#organization"},"potentialAction":[{"@type":"SearchAction","target":{"@type":"EntryPoint","urlTemplate":"https:\/\/www.thebighand.org\/?s={search_term_string}"},"query-input":{"@type":"PropertyValueSpecification","valueRequired":true,"valueName":"search_term_string"}}],"inLanguage":"en-US"},{"@type":"Organization","@id":"https:\/\/www.thebighand.org\/#organization","name":"The Big Hand","url":"https:\/\/www.thebighand.org\/","logo":{"@type":"ImageObject","inLanguage":"en-US","@id":"https:\/\/www.thebighand.org\/#\/schema\/logo\/image\/","url":"https:\/\/www.thebighand.org\/wp-content\/uploads\/2019\/02\/logotipo_bighand.png","contentUrl":"https:\/\/www.thebighand.org\/wp-content\/uploads\/2019\/02\/logotipo_bighand.png","width":904,"height":367,"caption":"The Big Hand"},"image":{"@id":"https:\/\/www.thebighand.org\/#\/schema\/logo\/image\/"},"sameAs":["https:\/\/www.facebook.com\/TheBigHand.org","https:\/\/x.com\/thebighand_org","https:\/\/www.instagram.com\/thebighand\/","https:\/\/www.youtube.com\/channel\/UCyOymYtvZKRnc5ovO_JxXwA"]}]}},"_links":{"self":[{"href":"https:\/\/www.thebighand.org\/en\/wp-json\/wp\/v2\/pages\/1829","targetHints":{"allow":["GET"]}}],"collection":[{"href":"https:\/\/www.thebighand.org\/en\/wp-json\/wp\/v2\/pages"}],"about":[{"href":"https:\/\/www.thebighand.org\/en\/wp-json\/wp\/v2\/types\/page"}],"author":[{"embeddable":true,"href":"https:\/\/www.thebighand.org\/en\/wp-json\/wp\/v2\/users\/1"}],"replies":[{"embeddable":true,"href":"https:\/\/www.thebighand.org\/en\/wp-json\/wp\/v2\/comments?post=1829"}],"version-history":[{"count":0,"href":"https:\/\/www.thebighand.org\/en\/wp-json\/wp\/v2\/pages\/1829\/revisions"}],"wp:featuredmedia":[{"embeddable":true,"href":"https:\/\/www.thebighand.org\/en\/wp-json\/wp\/v2\/media\/593"}],"wp:attachment":[{"href":"https:\/\/www.thebighand.org\/en\/wp-json\/wp\/v2\/media?parent=1829"}],"curies":[{"name":"wp","href":"https:\/\/api.w.org\/{rel}","templated":true}]}}